{"id":1912,"date":"2020-11-24T17:29:37","date_gmt":"2020-11-24T22:29:37","guid":{"rendered":"https:\/\/iceriversustainablesolutions.com\/?page_id=1912"},"modified":"2020-11-24T17:30:49","modified_gmt":"2020-11-24T22:30:49","slug":"privacy-policy","status":"publish","type":"page","link":"https:\/\/iceriversustainablesolutions.com\/fr\/privacy-policy\/","title":{"rendered":"Privacy Policy"},"content":{"rendered":"<p>[et_pb_section fb_built=\u00a0\u00bb1&Prime; _builder_version=\u00a0\u00bb4.4.8&Prime; background_color=\u00a0\u00bb#002b49&Prime; custom_margin=\u00a0\u00bb0px||0px||false|false\u00a0\u00bb custom_padding=\u00a0\u00bb0px||0px||false|false\u00a0\u00bb][\/et_pb_section][et_pb_section fb_built=\u00a0\u00bb1&Prime; _builder_version=\u00a0\u00bb4.4.8&Prime;][et_pb_row _builder_version=\u00a0\u00bb4.4.8&Prime;][et_pb_column type=\u00a0\u00bb4_4&Prime; _builder_version=\u00a0\u00bb4.4.8&Prime;][et_pb_text _builder_version=\u00a0\u00bb4.4.8&Prime; header_text_align=\u00a0\u00bbleft\u00a0\u00bb hover_enabled=\u00a0\u00bb0&Prime;]<\/p>\n<h1>POLITIQUE DE CONFIDENTIALIT\u00c9<\/h1>\n<p>Chez Ice River Sustainable Solutions (ci-apr\u00e8s \u00ab\u2009nous\u2009\u00bb ou \u00ab\u2009le fournisseur de services\u2009\u00bb), nous accordons une grande importance au respect de la vie priv\u00e9e de nos clients et de nos employ\u00e9s. La pr\u00e9sente politique a pour but de vous informer de la nature des renseignements personnels que nous recueillons et de la fa\u00e7on dont nous les utilisons. Vous y trouverez \u00e9galement de l\u2019information sur les renseignements qui peuvent \u00eatre divulgu\u00e9s \u00e0 des tiers, la dur\u00e9e de conservation des donn\u00e9es et le processus vous permettant de demander l\u2019acc\u00e8s \u00e0 vos renseignements personnels, ainsi que d\u2019autres d\u00e9tails.<\/p>\n<p><strong>Renseignements personnels\u00a0:<\/strong><br \/> Les renseignements personnels incluent toute donn\u00e9e vous concernant, \u00e0 l\u2019exception de votre nom et votre titre, votre adresse postale, votre adresse courriel et votre num\u00e9ro de t\u00e9l\u00e9phone (ou de t\u00e9l\u00e9copieur) professionnels. (Remarque\u00a0: Les noms, les adresses et les num\u00e9ros de t\u00e9l\u00e9phone qui apparaissent dans un annuaire t\u00e9l\u00e9phonique ou un autre type d\u2019annuaire ne sont pas consid\u00e9r\u00e9s comme des renseignements personnels.)<\/p>\n<p><strong>Responsabilit\u00e9\u00a0:<\/strong><br \/> Nous sommes responsables de la protection des renseignements personnels qui sont plac\u00e9s sous notre contr\u00f4le. Notre responsable de la protection de la vie priv\u00e9e est la personne d\u00e9sign\u00e9e pour s\u2019assurer que nous respectons la pr\u00e9sente politique ainsi que la l\u00e9gislation relative \u00e0 la protection de la vie priv\u00e9e. Vous pouvez communiquer avec notre responsable de la protection de la vie priv\u00e9e \u00e0 l\u2019aide de l\u2019une des m\u00e9thodes mentionn\u00e9es plus bas.<\/p>\n<p><strong>Renseignements personnels recueillis\u00a0:<\/strong><br \/> Nous recueillons les renseignements personnels pertinents lorsque vous entrez en contact avec Ice River Sustainable Solutions d\u2019une mani\u00e8re ou d\u2019une autre, directement ou indirectement par le biais de ses repr\u00e9sentants. Ces renseignements personnels peuvent \u00eatre recueillis de fa\u00e7on verbale ou non verbale.<\/p>\n<p>Les renseignements personnels recueillis peuvent contenir une ou plusieurs des donn\u00e9es suivantes vous concernant\u00a0:<\/p>\n<ul>\n<li>nom, adresse postale, num\u00e9ro de t\u00e9l\u00e9phone, num\u00e9ro de t\u00e9l\u00e9copieur et adresse courriel;<\/li>\n<li>profession et langue de communication pr\u00e9f\u00e9r\u00e9e.<\/li>\n<\/ul>\n<p><strong>Protection de vos renseignements personnels\u00a0:<\/strong><br \/> L\u2019acc\u00e8s \u00e0 vos renseignements personnels est limit\u00e9; seules les personnes qui en ont besoin dans le cadre de leur travail y ont acc\u00e8s. Nous pourrions utiliser vos renseignements personnels pour l\u2019une ou l\u2019autre des raisons suivantes, toujours en lien avec le service \u00e0 la client\u00e8le que nous vous offrons\u00a0: vous offrir des services, vous fournir les services demand\u00e9s, traiter la facturation et les paiements, vous envoyer les derni\u00e8res nouvelles et faire un suivi pour obtenir vos commentaires concernant la qualit\u00e9 de nos services.<\/p>\n<p><strong>Divulgation de vos renseignements personnels\u00a0:<\/strong><br \/> Nous ne vendons vos renseignements personnels \u00e0 aucune source externe. La divulgation de vos renseignements personnels pourrait \u00eatre n\u00e9cessaire pour que nous puissions acc\u00e9der aux services qui nous permettent d\u2019accomplir notre travail.<\/p>\n<p><strong>Conservation et \u00e9limination de vos renseignements personnels\u00a0:<\/strong><br \/> Nous conservons vos renseignements personnels pendant la dur\u00e9e de conservation l\u00e9gale et respectons toutes les lois \u00e0 cet \u00e9gard. Vos renseignements personnels sont prot\u00e9g\u00e9s contre tout acc\u00e8s non autoris\u00e9 afin d\u2019\u00e9viter toute utilisation abusive ou frauduleuse.<\/p>\n<p>\u00c0 la fin de la p\u00e9riode de conservation l\u00e9gale appropri\u00e9e, vos renseignements personnels seront \u00e9limin\u00e9s \u00e0 l\u2019aide de m\u00e9thodes approuv\u00e9es, notamment la suppression des fichiers \u00e9lectroniques et le d\u00e9chiquetage des documents.<\/p>\n<p><strong>Vos droits visant \u00e0 limiter l\u2019utilisation de vos renseignements personnels\u00a0:<\/strong><br \/> Les renseignements personnels que nous recueillons sont n\u00e9cessaires pour vous fournir les services offerts par Ice River Sustainable Solutions. Ces donn\u00e9es sont \u00e9galement utilis\u00e9es dans le but d\u2019\u00e9tablir une relation avec vous et de la maintenir afin de mieux vous servir.<\/p>\n<p>Si vous souhaitez limiter la collecte, l\u2019utilisation et la divulgation de vos renseignements personnels, veuillez communiquer avec notre responsable de la protection de la vie priv\u00e9e qui discutera avec vous de la fa\u00e7on dont nous pouvons respecter votre demande tout en continuant de vous fournir un service de qualit\u00e9 ad\u00e9quate.<\/p>\n<p><strong>Questions et pr\u00e9occupations\u00a0:<\/strong><br \/> Si vous avez des questions ou des pr\u00e9occupations concernant cette politique de confidentialit\u00e9 ou la collecte, l\u2019utilisation et la divulgation de vos renseignements personnels par Ice River Sustainable Solutions, veuillez communiquer avec notre responsable de la protection de la vie priv\u00e9e.<\/p>\n<p>[\/et_pb_text][\/et_pb_column][\/et_pb_row][\/et_pb_section][et_pb_section fb_built=\u00a0\u00bb1&Prime; _builder_version=\u00a0\u00bb4.4.8&Prime; custom_margin=\u00a0\u00bb||||false|false\u00a0\u00bb saved_tabs=\u00a0\u00bball\u00a0\u00bb global_module=\u00a0\u00bb1902&Prime;][et_pb_row _builder_version=\u00a0\u00bb4.4.8&Prime;][et_pb_column type=\u00a0\u00bb4_4&Prime; _builder_version=\u00a0\u00bb4.4.8&Prime;][et_pb_image src=\u00a0\u00bbhttps:\/\/iceriversustainablesolutions.com\/\/wp-content\/uploads\/2018\/06\/logo-ir-footer.png\u00a0\u00bb title_text=\u00a0\u00bblogo-ir-footer\u00a0\u00bb align=\u00a0\u00bbcenter\u00a0\u00bb _builder_version=\u00a0\u00bb4.4.8&Prime; max_width=\u00a0\u00bb188px\u00a0\u00bb][\/et_pb_image][\/et_pb_column][\/et_pb_row][et_pb_row _builder_version=\u00a0\u00bb4.4.8&Prime; max_width=\u00a0\u00bb750px\u00a0\u00bb][et_pb_column type=\u00a0\u00bb4_4&Prime; _builder_version=\u00a0\u00bb4.4.8&Prime;][et_pb_text _builder_version=\u00a0\u00bb4.4.8&Prime; header_text_align=\u00a0\u00bbcenter\u00a0\u00bb header_3_text_align=\u00a0\u00bbcenter\u00a0\u00bb]<\/p>\n<h3>Prenez part au changement. Abonnez-vous \u00e0 notre infolettre.<\/h3>\n<p>Notre gamme de produits durables et nos entreprises continuent de grandir. Inscrivez-vous pour recevoir les derni\u00e8res nouvelles concernant nos innovations par courriel. (Nous communiquerons avec vous uniquement si nous avons des nouvelles importantes. Nous n\u2019aimons pas les d\u00e9chets \u00e9lectroniques non plus.)[\/et_pb_text][et_pb_contact_form captcha=\u00a0\u00bboff\u00a0\u00bb submit_button_text=\u00a0\u00bbEnvoyer\u00a0\u00bb _builder_version=\u00a0\u00bb4.4.8&Prime;][et_pb_contact_field field_id=\u00a0\u00bbFirst-Name\u00a0\u00bb field_title=\u00a0\u00bbPr\u00e9nom\u00a0\u00bb _builder_version=\u00a0\u00bb4.4.8&Prime; button_text_size__hover_enabled=\u00a0\u00bboff\u00a0\u00bb button_one_text_size__hover_enabled=\u00a0\u00bboff\u00a0\u00bb button_two_text_size__hover_enabled=\u00a0\u00bboff\u00a0\u00bb button_text_color__hover_enabled=\u00a0\u00bboff\u00a0\u00bb button_one_text_color__hover_enabled=\u00a0\u00bboff\u00a0\u00bb button_two_text_color__hover_enabled=\u00a0\u00bboff\u00a0\u00bb button_border_width__hover_enabled=\u00a0\u00bboff\u00a0\u00bb button_one_border_width__hover_enabled=\u00a0\u00bboff\u00a0\u00bb button_two_border_width__hover_enabled=\u00a0\u00bboff\u00a0\u00bb button_border_color__hover_enabled=\u00a0\u00bboff\u00a0\u00bb button_one_border_color__hover_enabled=\u00a0\u00bboff\u00a0\u00bb button_two_border_color__hover_enabled=\u00a0\u00bboff\u00a0\u00bb button_border_radius__hover_enabled=\u00a0\u00bboff\u00a0\u00bb button_one_border_radius__hover_enabled=\u00a0\u00bboff\u00a0\u00bb button_two_border_radius__hover_enabled=\u00a0\u00bboff\u00a0\u00bb button_letter_spacing__hover_enabled=\u00a0\u00bboff\u00a0\u00bb button_one_letter_spacing__hover_enabled=\u00a0\u00bboff\u00a0\u00bb button_two_letter_spacing__hover_enabled=\u00a0\u00bboff\u00a0\u00bb button_bg_color__hover_enabled=\u00a0\u00bboff\u00a0\u00bb button_one_bg_color__hover_enabled=\u00a0\u00bboff\u00a0\u00bb button_two_bg_color__hover_enabled=\u00a0\u00bboff\u00a0\u00bb][\/et_pb_contact_field][et_pb_contact_field field_id=\u00a0\u00bbLast-Name\u00a0\u00bb field_title=\u00a0\u00bbNom de famille\u00a0\u00bb _builder_version=\u00a0\u00bb4.4.8&Prime; button_text_size__hover_enabled=\u00a0\u00bboff\u00a0\u00bb button_one_text_size__hover_enabled=\u00a0\u00bboff\u00a0\u00bb button_two_text_size__hover_enabled=\u00a0\u00bboff\u00a0\u00bb button_text_color__hover_enabled=\u00a0\u00bboff\u00a0\u00bb button_one_text_color__hover_enabled=\u00a0\u00bboff\u00a0\u00bb button_two_text_color__hover_enabled=\u00a0\u00bboff\u00a0\u00bb button_border_width__hover_enabled=\u00a0\u00bboff\u00a0\u00bb button_one_border_width__hover_enabled=\u00a0\u00bboff\u00a0\u00bb button_two_border_width__hover_enabled=\u00a0\u00bboff\u00a0\u00bb button_border_color__hover_enabled=\u00a0\u00bboff\u00a0\u00bb button_one_border_color__hover_enabled=\u00a0\u00bboff\u00a0\u00bb button_two_border_color__hover_enabled=\u00a0\u00bboff\u00a0\u00bb button_border_radius__hover_enabled=\u00a0\u00bboff\u00a0\u00bb button_one_border_radius__hover_enabled=\u00a0\u00bboff\u00a0\u00bb button_two_border_radius__hover_enabled=\u00a0\u00bboff\u00a0\u00bb button_letter_spacing__hover_enabled=\u00a0\u00bboff\u00a0\u00bb button_one_letter_spacing__hover_enabled=\u00a0\u00bboff\u00a0\u00bb button_two_letter_spacing__hover_enabled=\u00a0\u00bboff\u00a0\u00bb button_bg_color__hover_enabled=\u00a0\u00bboff\u00a0\u00bb button_one_bg_color__hover_enabled=\u00a0\u00bboff\u00a0\u00bb button_two_bg_color__hover_enabled=\u00a0\u00bboff\u00a0\u00bb][\/et_pb_contact_field][et_pb_contact_field field_id=\u00a0\u00bbEmail\u00a0\u00bb field_title=\u00a0\u00bbAdresse courriel\u00a0\u00bb field_type=\u00a0\u00bbemail\u00a0\u00bb fullwidth_field=\u00a0\u00bbon\u00a0\u00bb _builder_version=\u00a0\u00bb4.4.8&Prime; button_text_size__hover_enabled=\u00a0\u00bboff\u00a0\u00bb button_one_text_size__hover_enabled=\u00a0\u00bboff\u00a0\u00bb button_two_text_size__hover_enabled=\u00a0\u00bboff\u00a0\u00bb button_text_color__hover_enabled=\u00a0\u00bboff\u00a0\u00bb button_one_text_color__hover_enabled=\u00a0\u00bboff\u00a0\u00bb button_two_text_color__hover_enabled=\u00a0\u00bboff\u00a0\u00bb button_border_width__hover_enabled=\u00a0\u00bboff\u00a0\u00bb button_one_border_width__hover_enabled=\u00a0\u00bboff\u00a0\u00bb button_two_border_width__hover_enabled=\u00a0\u00bboff\u00a0\u00bb button_border_color__hover_enabled=\u00a0\u00bboff\u00a0\u00bb button_one_border_color__hover_enabled=\u00a0\u00bboff\u00a0\u00bb button_two_border_color__hover_enabled=\u00a0\u00bboff\u00a0\u00bb button_border_radius__hover_enabled=\u00a0\u00bboff\u00a0\u00bb button_one_border_radius__hover_enabled=\u00a0\u00bboff\u00a0\u00bb button_two_border_radius__hover_enabled=\u00a0\u00bboff\u00a0\u00bb button_letter_spacing__hover_enabled=\u00a0\u00bboff\u00a0\u00bb button_one_letter_spacing__hover_enabled=\u00a0\u00bboff\u00a0\u00bb button_two_letter_spacing__hover_enabled=\u00a0\u00bboff\u00a0\u00bb button_bg_color__hover_enabled=\u00a0\u00bboff\u00a0\u00bb button_one_bg_color__hover_enabled=\u00a0\u00bboff\u00a0\u00bb button_two_bg_color__hover_enabled=\u00a0\u00bboff\u00a0\u00bb][\/et_pb_contact_field][et_pb_contact_field field_id=\u00a0\u00bbField_4&Prime; field_title=\u00a0\u00bb \u00a0\u00bb field_type=\u00a0\u00bbcheckbox\u00a0\u00bb checkbox_options=\u00a0\u00bb%91{%22value%22:%22En nous donnant votre adresse courriel, vous acceptez de recevoir des messages \u00e9lectroniques de la part de Ice River Sustainable Solutions contenant des renseignements, des infolettres, des offres et des promotions. Vous pouvez annuler votre consentement \u00e0 tout moment en cliquant sur \u00ab\u2009Se d\u00e9sabonner\u2009\u00bb \u00e0 la fin d\u2019un courriel que nous vous avons envoy\u00e9 ou en communiquant avec nous.%22,%22checked%22:0,%22dragID%22:-1}%93&Prime; fullwidth_field=\u00a0\u00bbon\u00a0\u00bb _builder_version=\u00a0\u00bb4.4.8&Prime; custom_css_main_element=\u00a0\u00bbfont-size: 12px;\u00a0\u00bb][\/et_pb_contact_field][\/et_pb_contact_form][et_pb_text _builder_version=\u00a0\u00bb4.4.8&Prime; text_font_size=\u00a0\u00bb12px\u00a0\u00bb]<\/p>\n<p>Veuillez consulter notre\u00a0<a href=\"\/fr\/privacy-policy\/\">politique de confidentialit\u00e9<\/a>\u00a0ou communiquer avec nous \u00e0 l\u2019adresse suivante\u00a0: Ice River Sustainable Solutions 485387 30 Side Rd, Shelburne, ON L9V 3N5.<\/p>\n<p>[\/et_pb_text][\/et_pb_column][\/et_pb_row][et_pb_row column_structure=\u00a0\u00bb1_2,1_4,1_4&Prime; _builder_version=\u00a0\u00bb4.4.8&Prime; border_width_top=\u00a0\u00bb1px\u00a0\u00bb border_color_top=\u00a0\u00bb#F4F4F4&Prime; border_width_bottom=\u00a0\u00bb1px\u00a0\u00bb border_color_bottom=\u00a0\u00bb#F4F4F4&Prime;][et_pb_column type=\u00a0\u00bb1_2&Prime; _builder_version=\u00a0\u00bb4.4.8&Prime;][et_pb_text _builder_version=\u00a0\u00bb4.4.8&Prime; custom_margin=\u00a0\u00bb||10px||false|false\u00a0\u00bb]<\/p>\n<p><strong>STAY CONNECTED<\/strong><\/p>\n<p>[\/et_pb_text][et_pb_social_media_follow _builder_version=\u00a0\u00bb4.4.8&Prime;][et_pb_social_media_follow_network social_network=\u00a0\u00bbfacebook\u00a0\u00bb url=\u00a0\u00bbhttps:\/\/www.facebook.com\/IceRiverSustainableSolutions\u00a0\u00bb _builder_version=\u00a0\u00bb4.4.8&Prime; background_color=\u00a0\u00bb#3b5998&Prime; follow_button=\u00a0\u00bboff\u00a0\u00bb url_new_window=\u00a0\u00bbon\u00a0\u00bb]facebook[\/et_pb_social_media_follow_network][et_pb_social_media_follow_network social_network=\u00a0\u00bblinkedin\u00a0\u00bb url=\u00a0\u00bbhttps:\/\/www.linkedin.com\/company\/671667\/admin\/\u00a0\u00bb _builder_version=\u00a0\u00bb4.4.8&Prime; background_color=\u00a0\u00bb#007bb6&Prime; follow_button=\u00a0\u00bboff\u00a0\u00bb url_new_window=\u00a0\u00bbon\u00a0\u00bb]linkedin[\/et_pb_social_media_follow_network][et_pb_social_media_follow_network social_network=\u00a0\u00bbinstagram\u00a0\u00bb url=\u00a0\u00bbhttps:\/\/www.instagram.com\/iceriversustainablesolutions\/\u00a0\u00bb _builder_version=\u00a0\u00bb4.4.8&Prime; background_color=\u00a0\u00bb#ea2c59&Prime; follow_button=\u00a0\u00bboff\u00a0\u00bb url_new_window=\u00a0\u00bbon\u00a0\u00bb]instagram[\/et_pb_social_media_follow_network][et_pb_social_media_follow_network social_network=\u00a0\u00bbyoutube\u00a0\u00bb url=\u00a0\u00bbhttps:\/\/www.youtube.com\/channel\/UCg8jVH7oAyS7-oaYS0LQwBg\u00a0\u00bb _builder_version=\u00a0\u00bb4.4.8&Prime; background_color=\u00a0\u00bb#a82400&Prime; follow_button=\u00a0\u00bboff\u00a0\u00bb url_new_window=\u00a0\u00bbon\u00a0\u00bb]youtube[\/et_pb_social_media_follow_network][\/et_pb_social_media_follow][et_pb_text _builder_version=\u00a0\u00bb4.4.8&Prime; custom_margin=\u00a0\u00bb||10px||false|false\u00a0\u00bb]<strong>\u00c0 propos de nous<\/strong><br \/>\nIce River Sustainable Solutions est une entreprise familiale canadienne qui se consacre \u00e0 l\u2019embouteillage de l\u2019eau de source naturelle en misant sur la durabilit\u00e9 et le recyclage du plastique PET. Nous collaborons avec d\u2019autres entreprises afin de trouver des fa\u00e7ons cr\u00e9atives de r\u00e9utiliser et de recycler les bouteilles en plastique en concevant des emballages et des articles \u00e9cologiques fabriqu\u00e9s enti\u00e8rement en plastique recycl\u00e9.[\/et_pb_text][\/et_pb_column][et_pb_column type=\u00a0\u00bb1_4&Prime; _builder_version=\u00a0\u00bb4.4.8&Prime;][et_pb_text _builder_version=\u00a0\u00bb4.4.8&Prime; text_font_size=\u00a0\u00bb14px\u00a0\u00bb]<strong>PLUS D\u2019INFORMATION<br \/>\n<\/strong><\/p>\n<p><a href=\"\/fr\/our-innovations\/\">Nos innovations<\/a><br \/>\n<a href=\"\/fr\/our-commitment\/\">Notre engagement<\/a><br \/>\n<a href=\"\/fr\/our-companies\/\">Nos entreprises<\/a><br \/>\n<a href=\"\/fr\/our-culture\/\">Notre culture<\/a><br \/>\n<a href=\"\/fr\/careers\/\">Nos offres d\u2019emploi<\/a><br \/>\n<a href=\"\/fr\/contact-us\/\">Nous joindre<\/a>[\/et_pb_text][\/et_pb_column][et_pb_column type=\u00a0\u00bb1_4&Prime; _builder_version=\u00a0\u00bb4.4.8&Prime;][et_pb_text _builder_version=\u00a0\u00bb4.4.8&Prime;]<strong>ICE RIVER SUSTAINABLE SOLUTIONS<\/strong><br \/>\n485387 Sideroad 30,<br \/>\nDufferin County Road 11<br \/>\nShelburne ON Canada<br \/>\nL9V 3N5<\/p>\n<p><a href=\"tel:18007647336\">1-844-SO-GREEN<\/a><br \/>\n(1-844-764-7336)[\/et_pb_text][et_pb_image src=\u00a0\u00bbhttps:\/\/iceriversustainablesolutions.com\/\/wp-content\/uploads\/2018\/06\/logo-made-in-canada.png\u00a0\u00bb title_text=\u00a0\u00bblogo-made-in-canada\u00a0\u00bb _builder_version=\u00a0\u00bb4.4.8&Prime; max_width=\u00a0\u00bb91px\u00a0\u00bb][\/et_pb_image][\/et_pb_column][\/et_pb_row][et_pb_row _builder_version=\u00a0\u00bb4.4.8&Prime;][et_pb_column type=\u00a0\u00bb4_4&Prime; _builder_version=\u00a0\u00bb4.4.8&Prime;][et_pb_text _builder_version=\u00a0\u00bb4.4.8&Prime; text_orientation=\u00a0\u00bbcenter\u00a0\u00bb]Copyright \u00a9 2020. Ice River Sustainable Solutions. Tous droits r\u00e9serv\u00e9s.<\/p>\n<p><a href=\"\/fr\/accessibility\/\">Accessibilit\u00e9<\/a> | <a href=\"\/fr\/terms-of-use\/\">Conditions g\u00e9n\u00e9rales<\/a> | <a href=\"\/fr\/privacy-policy\/\">Politique de confidentialit\u00e9<\/a>[\/et_pb_text][\/et_pb_column][\/et_pb_row][\/et_pb_section]<\/p>\n","protected":false},"excerpt":{"rendered":"<p>POLITIQUE DE CONFIDENTIALIT\u00c9 Chez Ice River Sustainable Solutions (ci-apr\u00e8s \u00ab\u2009nous\u2009\u00bb ou \u00ab\u2009le fournisseur de services\u2009\u00bb), nous accordons une grande importance au respect de la vie priv\u00e9e de nos clients et de nos employ\u00e9s. La pr\u00e9sente politique a pour but de vous informer de la nature des renseignements personnels que nous recueillons et de la fa\u00e7on [&hellip;]<\/p>\n","protected":false},"author":5,"featured_media":0,"parent":0,"menu_order":0,"comment_status":"closed","ping_status":"closed","template":"","meta":{"_et_pb_use_builder":"on","_et_pb_old_content":"","_et_gb_content_width":"","footnotes":""},"class_list":["post-1912","page","type-page","status-publish","hentry"],"yoast_head":"<!-- This site is optimized with the Yoast SEO plugin v25.0 - https:\/\/yoast.com\/wordpress\/plugins\/seo\/ -->\n<title>Privacy Policy - Ice River Sustainable Solutions<\/title>\n<meta name=\"robots\" content=\"index, follow, max-snippet:-1, max-image-preview:large, max-video-preview:-1\" \/>\n<link rel=\"canonical\" href=\"https:\/\/iceriversustainablesolutions.com\/fr\/privacy-policy\/\" \/>\n<meta property=\"og:locale\" content=\"fr_FR\" \/>\n<meta property=\"og:type\" content=\"article\" \/>\n<meta property=\"og:title\" content=\"Privacy Policy - Ice River Sustainable Solutions\" \/>\n<meta property=\"og:description\" content=\"POLITIQUE DE CONFIDENTIALIT\u00c9 Chez Ice River Sustainable Solutions (ci-apr\u00e8s \u00ab\u2009nous\u2009\u00bb ou \u00ab\u2009le fournisseur de services\u2009\u00bb), nous accordons une grande importance au respect de la vie priv\u00e9e de nos clients et de nos employ\u00e9s. La pr\u00e9sente politique a pour but de vous informer de la nature des renseignements personnels que nous recueillons et de la fa\u00e7on [&hellip;]\" \/>\n<meta property=\"og:url\" content=\"https:\/\/iceriversustainablesolutions.com\/fr\/privacy-policy\/\" \/>\n<meta property=\"og:site_name\" content=\"Ice River Sustainable Solutions\" \/>\n<meta property=\"article:modified_time\" content=\"2020-11-24T22:30:49+00:00\" \/>\n<meta name=\"twitter:card\" content=\"summary_large_image\" \/>\n<meta name=\"twitter:label1\" content=\"Dur\u00e9e de lecture estim\u00e9e\" \/>\n\t<meta name=\"twitter:data1\" content=\"10 minutes\" \/>\n<!-- \/ Yoast SEO plugin. -->","yoast_head_json":{"title":"Privacy Policy - Ice River Sustainable Solutions","robots":{"index":"index","follow":"follow","max-snippet":"max-snippet:-1","max-image-preview":"max-image-preview:large","max-video-preview":"max-video-preview:-1"},"canonical":"https:\/\/iceriversustainablesolutions.com\/fr\/privacy-policy\/","og_locale":"fr_FR","og_type":"article","og_title":"Privacy Policy - Ice River Sustainable Solutions","og_description":"POLITIQUE DE CONFIDENTIALIT\u00c9 Chez Ice River Sustainable Solutions (ci-apr\u00e8s \u00ab\u2009nous\u2009\u00bb ou \u00ab\u2009le fournisseur de services\u2009\u00bb), nous accordons une grande importance au respect de la vie priv\u00e9e de nos clients et de nos employ\u00e9s. La pr\u00e9sente politique a pour but de vous informer de la nature des renseignements personnels que nous recueillons et de la fa\u00e7on [&hellip;]","og_url":"https:\/\/iceriversustainablesolutions.com\/fr\/privacy-policy\/","og_site_name":"Ice River Sustainable Solutions","article_modified_time":"2020-11-24T22:30:49+00:00","twitter_card":"summary_large_image","twitter_misc":{"Dur\u00e9e de lecture estim\u00e9e":"10 minutes"},"schema":{"@context":"https:\/\/schema.org","@graph":[{"@type":"WebPage","@id":"https:\/\/iceriversustainablesolutions.com\/fr\/privacy-policy\/","url":"https:\/\/iceriversustainablesolutions.com\/fr\/privacy-policy\/","name":"Privacy Policy - Ice River Sustainable Solutions","isPartOf":{"@id":"https:\/\/iceriversustainablesolutions.com\/fr\/#website"},"datePublished":"2020-11-24T22:29:37+00:00","dateModified":"2020-11-24T22:30:49+00:00","breadcrumb":{"@id":"https:\/\/iceriversustainablesolutions.com\/fr\/privacy-policy\/#breadcrumb"},"inLanguage":"fr-FR","potentialAction":[{"@type":"ReadAction","target":["https:\/\/iceriversustainablesolutions.com\/fr\/privacy-policy\/"]}]},{"@type":"BreadcrumbList","@id":"https:\/\/iceriversustainablesolutions.com\/fr\/privacy-policy\/#breadcrumb","itemListElement":[{"@type":"ListItem","position":1,"name":"Home","item":"https:\/\/iceriversustainablesolutions.com\/fr\/"},{"@type":"ListItem","position":2,"name":"Privacy Policy"}]},{"@type":"WebSite","@id":"https:\/\/iceriversustainablesolutions.com\/fr\/#website","url":"https:\/\/iceriversustainablesolutions.com\/fr\/","name":"Ice River Sustainable Solutions","description":"We&#039;re more than just a bottled water company.","publisher":{"@id":"https:\/\/iceriversustainablesolutions.com\/fr\/#organization"},"potentialAction":[{"@type":"SearchAction","target":{"@type":"EntryPoint","urlTemplate":"https:\/\/iceriversustainablesolutions.com\/fr\/?s={search_term_string}"},"query-input":{"@type":"PropertyValueSpecification","valueRequired":true,"valueName":"search_term_string"}}],"inLanguage":"fr-FR"},{"@type":"Organization","@id":"https:\/\/iceriversustainablesolutions.com\/fr\/#organization","name":"Ice River Sustainable Solutions","url":"https:\/\/iceriversustainablesolutions.com\/fr\/","logo":{"@type":"ImageObject","inLanguage":"fr-FR","@id":"https:\/\/iceriversustainablesolutions.com\/fr\/#\/schema\/logo\/image\/","url":"","contentUrl":"","caption":"Ice River Sustainable Solutions"},"image":{"@id":"https:\/\/iceriversustainablesolutions.com\/fr\/#\/schema\/logo\/image\/"}}]}},"_links":{"self":[{"href":"https:\/\/iceriversustainablesolutions.com\/fr\/wp-json\/wp\/v2\/pages\/1912","targetHints":{"allow":["GET"]}}],"collection":[{"href":"https:\/\/iceriversustainablesolutions.com\/fr\/wp-json\/wp\/v2\/pages"}],"about":[{"href":"https:\/\/iceriversustainablesolutions.com\/fr\/wp-json\/wp\/v2\/types\/page"}],"author":[{"embeddable":true,"href":"https:\/\/iceriversustainablesolutions.com\/fr\/wp-json\/wp\/v2\/users\/5"}],"replies":[{"embeddable":true,"href":"https:\/\/iceriversustainablesolutions.com\/fr\/wp-json\/wp\/v2\/comments?post=1912"}],"version-history":[{"count":0,"href":"https:\/\/iceriversustainablesolutions.com\/fr\/wp-json\/wp\/v2\/pages\/1912\/revisions"}],"wp:attachment":[{"href":"https:\/\/iceriversustainablesolutions.com\/fr\/wp-json\/wp\/v2\/media?parent=1912"}],"curies":[{"name":"wp","href":"https:\/\/api.w.org\/{rel}","templated":true}]}}